{"id":66,"date":"2023-11-18T16:37:24","date_gmt":"2023-11-18T16:37:24","guid":{"rendered":"http:\/\/megobrebi.de\/?page_id=66"},"modified":"2023-12-21T17:24:18","modified_gmt":"2023-12-21T17:24:18","slug":"home","status":"publish","type":"page","link":"https:\/\/megobrebi.de\/ka\/","title":{"rendered":"\u10e9\u10d5\u10d4\u10dc\u10d8 \u10e1\u10d0\u10e1\u10e2\u10e3\u10db\u10e0\u10dd"},"content":{"rendered":"<\/p>\n\n\n<p>Das Hotel Kartli ist ein kleines G\u00e4stehaus im Herzen von Tbilissi &#8211; seit mehr als 20 Jahren an diesem Ort und gef\u00fchrt in der Tradition eines deutschen Familien-Betriebs, kombiniert mit georgischer Gastfreundschaft. Ein gutes St\u00fcck Deutschland in Georgien.<\/p>\n\n\n\n<div class=\"wp-block-media-text is-stacked-on-mobile\" style=\"grid-template-columns:42% auto\"><figure class=\"wp-block-media-text__media\"><img loading=\"lazy\" decoding=\"async\" width=\"1024\" height=\"683\" src=\"http:\/\/megobrebi.de\/wp-content\/uploads\/2023\/11\/IMG_7693-1024x683.png\" alt=\"\" class=\"wp-image-10 size-full\" srcset=\"https:\/\/megobrebi.de\/wp-content\/uploads\/2023\/11\/IMG_7693-1024x683.png 1024w, https:\/\/megobrebi.de\/wp-content\/uploads\/2023\/11\/IMG_7693-300x200.png 300w, https:\/\/megobrebi.de\/wp-content\/uploads\/2023\/11\/IMG_7693-768x512.png 768w, https:\/\/megobrebi.de\/wp-content\/uploads\/2023\/11\/IMG_7693-1536x1024.png 1536w, https:\/\/megobrebi.de\/wp-content\/uploads\/2023\/11\/IMG_7693-2048x1365.png 2048w\" sizes=\"(max-width: 1024px) 100vw, 1024px\" \/><\/figure><div class=\"wp-block-media-text__content\">\n<p>Wir haben unser <strong>Hotel Kartli<\/strong> im vergangenen Jahr neu renoviert und mit viel Liebe f\u00fcr Sie eingerichtet. In diesem Teil bieten wir sechs Zimmer zu angemessenen Preisen.<\/p>\n\n\n\n<p><a href=\"http:\/\/megobrebi.de\/unsere-zimmer-hotel-1\/\" data-type=\"page\" data-id=\"104\">unsere Zimmer<\/a><\/p>\n<\/div><\/div>\n\n\n\n<p>&#8230;<\/p>\n\n\n\n<div class=\"wp-block-media-text is-stacked-on-mobile\" style=\"grid-template-columns:42% auto\"><figure class=\"wp-block-media-text__media\"><img loading=\"lazy\" decoding=\"async\" width=\"500\" height=\"375\" src=\"http:\/\/megobrebi.de\/wp-content\/uploads\/2023\/11\/hotel_Flur_gr.jpg\" alt=\"\" class=\"wp-image-99 size-full\" srcset=\"https:\/\/megobrebi.de\/wp-content\/uploads\/2023\/11\/hotel_Flur_gr.jpg 500w, https:\/\/megobrebi.de\/wp-content\/uploads\/2023\/11\/hotel_Flur_gr-300x225.jpg 300w\" sizes=\"(max-width: 500px) 100vw, 500px\" \/><\/figure><div class=\"wp-block-media-text__content\">\n<p>Erg\u00e4nzend bieten wir weitere f\u00fcnf Doppelzimmer in unserem <strong>G\u00e4stehaus Kartli<\/strong>. F\u00fcr das Stadtzentrum von Tbilissi eine preiswerte Unterkunft, alt bew\u00e4hrt und immer zum Wohlf\u00fchlen.<\/p>\n\n\n\n<p><\/p>\n\n\n\n<p><a href=\"http:\/\/megobrebi.de\/hotel-teil-2\/\" data-type=\"page\" data-id=\"156\">unsere Zimmer<\/a> <\/p>\n<\/div><\/div>\n\n\n\n<p><\/p>\n\n\n\n<h2 class=\"wp-block-heading\">Unser Restaurant <em>Rainers Cafe<\/em><\/h2>\n\n\n\n<div class=\"wp-block-media-text is-stacked-on-mobile\" style=\"grid-template-columns:42% auto\"><figure class=\"wp-block-media-text__media\"><a href=\"http:\/\/www.rainers-cafe.com\"><img loading=\"lazy\" decoding=\"async\" width=\"1024\" height=\"576\" src=\"http:\/\/megobrebi.de\/wp-content\/uploads\/2023\/11\/489489006.jpg\" alt=\"\" class=\"wp-image-196 size-full\" srcset=\"https:\/\/megobrebi.de\/wp-content\/uploads\/2023\/11\/489489006.jpg 1024w, https:\/\/megobrebi.de\/wp-content\/uploads\/2023\/11\/489489006-300x169.jpg 300w, https:\/\/megobrebi.de\/wp-content\/uploads\/2023\/11\/489489006-768x432.jpg 768w\" sizes=\"(max-width: 1024px) 100vw, 1024px\" \/><\/a><\/figure><div class=\"wp-block-media-text__content\">\n<p><a href=\"http:\/\/www.rainers-cafe.com\/\"><strong><em>Rainers Cafe<\/em><\/strong>, unser Restaurant und Pizzeria<\/a>, direkt im <strong>Hotel und G\u00e4stehaus Kartli<\/strong>. Dort servieren wir unser reichhaltiges Fr\u00fchst\u00fccks-Buffet und t\u00e4glich von 12:00 \u2013 23:00 Uhr ein umfangreiches Angebot an georgischen und internationalen Speisen. W\u00e4hrend der warmen Jahreszeit ist der dem Hotel und Restaurant angeschlossene <strong>Biergarten<\/strong> ein beliebter Treffpunkt f\u00fcr Georgier und Personen vieler Nationalit\u00e4ten. Besonders beliebt: unsere Speisen der <strong>Neuen Georgischen K\u00fcche<\/strong>, mit denen wir den Geschmack Georgiens in die K\u00fcchen der Welt bringen. Mehr zu unserem Speiseangebot  <a href=\"http:\/\/www.rainers-cafe.com\" data-type=\"link\" data-id=\"http:\/\/www.rainers-cafe.com\">hier<\/a><\/p>\n\n\n\n<figure class=\"wp-block-gallery has-nested-images columns-default is-cropped wp-block-gallery-1 is-layout-flex wp-block-gallery-is-layout-flex\">\n<figure class=\"wp-block-image size-large\"><img loading=\"lazy\" decoding=\"async\" width=\"819\" height=\"1024\" src=\"http:\/\/megobrebi.de\/wp-content\/uploads\/2023\/11\/FB_IMG_1685318087213-819x1024.jpg\" alt=\"\" class=\"wp-image-218\" srcset=\"https:\/\/megobrebi.de\/wp-content\/uploads\/2023\/11\/FB_IMG_1685318087213-819x1024.jpg 819w, https:\/\/megobrebi.de\/wp-content\/uploads\/2023\/11\/FB_IMG_1685318087213-240x300.jpg 240w, https:\/\/megobrebi.de\/wp-content\/uploads\/2023\/11\/FB_IMG_1685318087213.jpg 1080w\" sizes=\"(max-width: 819px) 100vw, 819px\" \/><\/figure>\n\n\n\n<figure class=\"wp-block-image size-large\"><img loading=\"lazy\" decoding=\"async\" width=\"768\" height=\"1024\" src=\"http:\/\/megobrebi.de\/wp-content\/uploads\/2023\/11\/IMG_20210423_133341-1-768x1024-1.jpg\" alt=\"\" class=\"wp-image-416\" srcset=\"https:\/\/megobrebi.de\/wp-content\/uploads\/2023\/11\/IMG_20210423_133341-1-768x1024-1.jpg 768w, https:\/\/megobrebi.de\/wp-content\/uploads\/2023\/11\/IMG_20210423_133341-1-768x1024-1-225x300.jpg 225w\" sizes=\"(max-width: 768px) 100vw, 768px\" \/><\/figure>\n\n\n\n<figure class=\"wp-block-image size-large\"><img loading=\"lazy\" decoding=\"async\" width=\"1024\" height=\"768\" src=\"http:\/\/megobrebi.de\/wp-content\/uploads\/2023\/11\/IMG_20210423_162207-1024x768-1.jpg\" alt=\"\" class=\"wp-image-418\" srcset=\"https:\/\/megobrebi.de\/wp-content\/uploads\/2023\/11\/IMG_20210423_162207-1024x768-1.jpg 1024w, https:\/\/megobrebi.de\/wp-content\/uploads\/2023\/11\/IMG_20210423_162207-1024x768-1-300x225.jpg 300w\" sizes=\"(max-width: 1024px) 100vw, 1024px\" \/><\/figure>\n<\/figure>\n<\/div><\/div>\n\n\n\n<h2 class=\"wp-block-heading\">Unsere Umgebung<\/h2>\n\n\n\n<p>Unser Hotel und Restaurant liegen im Zentrum von Tbilissi, nur wenige Gehminuten vom Rustaveli-Prospekt\u00a0entfernt. <\/p>\n\n\n\n<p>Zu Fu\u00df zu erreichen ist die Philharmonie oder die Metro-Station Rustaveli (5 Minuten), die Oper (10 Minuten), das Nationalmuseum oder der Freiheitsplatz (20 Minuten) und die Altstadt (30 Minuten). <\/p>\n\n\n\n<p>Der Aghmashenebeli-Prospekt mit dem beliebten Treffpunkt Fabrika auf der anderen Kuraseite ist in 20 Minuten erreichbar.<\/p>\n\n\n\n<p><\/p>\n\n\n\n<p> <\/p>\n\n\n\n<h2 class=\"wp-block-heading\">Theater, Konzerte, Veranstaltungen, Tagesausfl\u00fcge<\/h2>\n\n\n\n<p>Tbilissi ist eine Stadt mit vielen M\u00f6glichkeiten. Gerne organisieren wir f\u00fcr Sie Theater-, Museums- und Konzert-Besuche oder geben Ihnen Ratschl\u00e4ge f\u00fcr Einkaufstouren.<\/p>\n\n\n\n<p>Auch Tagesausfl\u00fcge oder Rundfahrten im Land k\u00f6nnen wir Ihnen mit unserer eigenen Reise-Agentur anbieten und ganz individuell gestalten.<\/p>\n\n\n\n<p><\/p>\n\n\n\n<p><\/p>\n\n\n\n<h2 class=\"wp-block-heading\">Flughafentransfer<\/h2>\n\n\n\n<p>Dazu geh\u00f6rt selbstverst\u00e4ndlich auch ein effektiver&nbsp; <strong>Flughafentransfer<\/strong> rund um die Uhr. Sie kommen ganz entspannt in Tbilissi an und brauchen sich um nichts zu k\u00fcmmern, wir holen Sie mit Ihrem Gep\u00e4ck am Flughafen ab und bringen Sie auch p\u00fcnktlich zum R\u00fcckflug zur\u00fcck. <\/p>\n\n\n\n<p>Und das zu einem angenehmen Preis von etwa 20 \u20ac pro Fahrt.<\/p>\n\n\n<p>","protected":false},"excerpt":{"rendered":"<p>Das Hotel Kartli ist ein kleines G\u00e4stehaus im Herzen von Tbilissi &#8211; seit mehr als 20 Jahren an diesem Ort und gef\u00fchrt in der Tradition eines deutschen Familien-Betriebs, kombiniert mit &hellip; <\/p>\n<p class=\"link-more\"><a href=\"https:\/\/megobrebi.de\/ka\/\" class=\"more-link\">Read more<span class=\"screen-reader-text\"> &#8220;\u10e9\u10d5\u10d4\u10dc\u10d8 \u10e1\u10d0\u10e1\u10e2\u10e3\u10db\u10e0\u10dd&#8221;<\/span><\/a><\/p>\n","protected":false},"author":1,"featured_media":0,"parent":0,"menu_order":0,"comment_status":"closed","ping_status":"closed","template":"","meta":{"footnotes":"","inspiro_hide_title":false},"translation":{"provider":"WPGlobus","version":"3.0.2","language":"ka","enabled_languages":["de","en","ru","ka"],"languages":{"de":{"title":true,"content":true,"excerpt":false},"en":{"title":true,"content":true,"excerpt":false},"ru":{"title":true,"content":true,"excerpt":false},"ka":{"title":true,"content":false,"excerpt":false}}},"_links":{"self":[{"href":"https:\/\/megobrebi.de\/ka\/wp-json\/wp\/v2\/pages\/66"}],"collection":[{"href":"https:\/\/megobrebi.de\/ka\/wp-json\/wp\/v2\/pages"}],"about":[{"href":"https:\/\/megobrebi.de\/ka\/wp-json\/wp\/v2\/types\/page"}],"author":[{"embeddable":true,"href":"https:\/\/megobrebi.de\/ka\/wp-json\/wp\/v2\/users\/1"}],"replies":[{"embeddable":true,"href":"https:\/\/megobrebi.de\/ka\/wp-json\/wp\/v2\/comments?post=66"}],"version-history":[{"count":58,"href":"https:\/\/megobrebi.de\/ka\/wp-json\/wp\/v2\/pages\/66\/revisions"}],"predecessor-version":[{"id":536,"href":"https:\/\/megobrebi.de\/ka\/wp-json\/wp\/v2\/pages\/66\/revisions\/536"}],"wp:attachment":[{"href":"https:\/\/megobrebi.de\/ka\/wp-json\/wp\/v2\/media?parent=66"}],"curies":[{"name":"wp","href":"https:\/\/api.w.org\/{rel}","templated":true}]}}